{"id":70,"date":"2025-08-04T19:01:56","date_gmt":"2025-08-04T17:01:56","guid":{"rendered":"https:\/\/finardi.bigdevacademy.com\/?post_type=product&#038;p=70"},"modified":"2025-08-25T04:56:58","modified_gmt":"2025-08-25T02:56:58","slug":"dfghjklsdfghjklsdfghjkl","status":"publish","type":"product","link":"https:\/\/finardi.bigdevacademy.com\/index.php\/produit\/dfghjklsdfghjklsdfghjkl\/","title":{"rendered":"Shampoing pour barbe"},"content":{"rendered":"<p>\u00c9limine les impuret\u00e9s sans dess\u00e9cher. Laisse une barbe propre, souple et rafra\u00eechie au quotidien.<\/p>\n","protected":false},"excerpt":{"rendered":"<p>\u00c9limine les impuret\u00e9s sans dess\u00e9cher. Laisse une barbe propre, souple et rafra\u00eechie au [&hellip;]<\/p>\n","protected":false},"featured_media":155,"comment_status":"open","ping_status":"closed","template":"","meta":[],"product_brand":[],"product_cat":[15],"product_tag":[],"class_list":{"0":"post-70","1":"product","2":"type-product","3":"status-publish","4":"has-post-thumbnail","6":"product_cat-non-classe","8":"first","9":"instock","10":"taxable","11":"shipping-taxable","12":"purchasable","13":"product-type-simple"},"yoast_head":"<!-- This site is optimized with the Yoast SEO plugin v25.8 - https:\/\/yoast.com\/wordpress\/plugins\/seo\/ -->\n<title>Shampoing pour barbe - Divine &amp; Belle<\/title>\n<meta name=\"robots\" content=\"noindex, follow, max-snippet:-1, max-image-preview:large, max-video-preview:-1\" \/>\n<meta property=\"og:locale\" content=\"fr_FR\" \/>\n<meta property=\"og:type\" content=\"article\" \/>\n<meta property=\"og:title\" content=\"Shampoing pour barbe - Divine &amp; Belle\" \/>\n<meta property=\"og:description\" content=\"\u00c9limine les impuret\u00e9s sans dess\u00e9cher. Laisse une barbe propre, souple et rafra\u00eechie au [&hellip;]\" \/>\n<meta property=\"og:url\" content=\"https:\/\/finardi.bigdevacademy.com\/index.php\/produit\/dfghjklsdfghjklsdfghjkl\/\" \/>\n<meta property=\"og:site_name\" content=\"Divine &amp; Belle\" \/>\n<meta property=\"article:publisher\" content=\"https:\/\/web.facebook.com\/?locale=fr_FR&amp;_rdc=1&amp;_rdr#\" \/>\n<meta property=\"article:modified_time\" content=\"2025-08-25T02:56:58+00:00\" \/>\n<meta name=\"twitter:card\" content=\"summary_large_image\" \/>\n<script type=\"application\/ld+json\" class=\"yoast-schema-graph\">{\"@context\":\"https:\/\/schema.org\",\"@graph\":[{\"@type\":\"WebPage\",\"@id\":\"https:\/\/finardi.bigdevacademy.com\/index.php\/produit\/dfghjklsdfghjklsdfghjkl\/\",\"url\":\"https:\/\/finardi.bigdevacademy.com\/index.php\/produit\/dfghjklsdfghjklsdfghjkl\/\",\"name\":\"Shampoing pour barbe - Divine &amp; Belle\",\"isPartOf\":{\"@id\":\"https:\/\/finardi.bigdevacademy.com\/#website\"},\"primaryImageOfPage\":{\"@id\":\"https:\/\/finardi.bigdevacademy.com\/index.php\/produit\/dfghjklsdfghjklsdfghjkl\/#primaryimage\"},\"image\":{\"@id\":\"https:\/\/finardi.bigdevacademy.com\/index.php\/produit\/dfghjklsdfghjklsdfghjkl\/#primaryimage\"},\"thumbnailUrl\":\"https:\/\/finardi.bigdevacademy.com\/wp-content\/uploads\/2025\/08\/prod1.avif\",\"datePublished\":\"2025-08-04T17:01:56+00:00\",\"dateModified\":\"2025-08-25T02:56:58+00:00\",\"breadcrumb\":{\"@id\":\"https:\/\/finardi.bigdevacademy.com\/index.php\/produit\/dfghjklsdfghjklsdfghjkl\/#breadcrumb\"},\"inLanguage\":\"fr-FR\",\"potentialAction\":[{\"@type\":\"ReadAction\",\"target\":[\"https:\/\/finardi.bigdevacademy.com\/index.php\/produit\/dfghjklsdfghjklsdfghjkl\/\"]}]},{\"@type\":\"ImageObject\",\"inLanguage\":\"fr-FR\",\"@id\":\"https:\/\/finardi.bigdevacademy.com\/index.php\/produit\/dfghjklsdfghjklsdfghjkl\/#primaryimage\",\"url\":\"https:\/\/finardi.bigdevacademy.com\/wp-content\/uploads\/2025\/08\/prod1.avif\",\"contentUrl\":\"https:\/\/finardi.bigdevacademy.com\/wp-content\/uploads\/2025\/08\/prod1.avif\",\"width\":500,\"height\":750},{\"@type\":\"BreadcrumbList\",\"@id\":\"https:\/\/finardi.bigdevacademy.com\/index.php\/produit\/dfghjklsdfghjklsdfghjkl\/#breadcrumb\",\"itemListElement\":[{\"@type\":\"ListItem\",\"position\":1,\"name\":\"Accueil\",\"item\":\"https:\/\/finardi.bigdevacademy.com\/\"},{\"@type\":\"ListItem\",\"position\":2,\"name\":\"Boutique\",\"item\":\"https:\/\/finardi.bigdevacademy.com\/index.php\/boutique\/\"},{\"@type\":\"ListItem\",\"position\":3,\"name\":\"Shampoing pour barbe\"}]},{\"@type\":\"WebSite\",\"@id\":\"https:\/\/finardi.bigdevacademy.com\/#website\",\"url\":\"https:\/\/finardi.bigdevacademy.com\/\",\"name\":\"Divine & Belle\",\"description\":\"Votre beaut\u00e9 est notre priorit\u00e9\",\"publisher\":{\"@id\":\"https:\/\/finardi.bigdevacademy.com\/#organization\"},\"potentialAction\":[{\"@type\":\"SearchAction\",\"target\":{\"@type\":\"EntryPoint\",\"urlTemplate\":\"https:\/\/finardi.bigdevacademy.com\/?s={search_term_string}\"},\"query-input\":{\"@type\":\"PropertyValueSpecification\",\"valueRequired\":true,\"valueName\":\"search_term_string\"}}],\"inLanguage\":\"fr-FR\"},{\"@type\":\"Organization\",\"@id\":\"https:\/\/finardi.bigdevacademy.com\/#organization\",\"name\":\"Divine & Belle\",\"url\":\"https:\/\/finardi.bigdevacademy.com\/\",\"logo\":{\"@type\":\"ImageObject\",\"inLanguage\":\"fr-FR\",\"@id\":\"https:\/\/finardi.bigdevacademy.com\/#\/schema\/logo\/image\/\",\"url\":\"https:\/\/finardi.bigdevacademy.com\/wp-content\/uploads\/2025\/08\/cropped-eyes-look-girl-hair-view-lashon-rise-1617966-pxhere-com-hero2.jpg\",\"contentUrl\":\"https:\/\/finardi.bigdevacademy.com\/wp-content\/uploads\/2025\/08\/cropped-eyes-look-girl-hair-view-lashon-rise-1617966-pxhere-com-hero2.jpg\",\"width\":1919,\"height\":1254,\"caption\":\"Divine & Belle\"},\"image\":{\"@id\":\"https:\/\/finardi.bigdevacademy.com\/#\/schema\/logo\/image\/\"},\"sameAs\":[\"https:\/\/web.facebook.com\/?locale=fr_FR&_rdc=1&_rdr#\"]}]}<\/script>\n<!-- \/ Yoast SEO plugin. -->","yoast_head_json":{"title":"Shampoing pour barbe - Divine &amp; Belle","robots":{"index":"noindex","follow":"follow","max-snippet":"max-snippet:-1","max-image-preview":"max-image-preview:large","max-video-preview":"max-video-preview:-1"},"og_locale":"fr_FR","og_type":"article","og_title":"Shampoing pour barbe - Divine &amp; Belle","og_description":"\u00c9limine les impuret\u00e9s sans dess\u00e9cher. Laisse une barbe propre, souple et rafra\u00eechie au [&hellip;]","og_url":"https:\/\/finardi.bigdevacademy.com\/index.php\/produit\/dfghjklsdfghjklsdfghjkl\/","og_site_name":"Divine &amp; Belle","article_publisher":"https:\/\/web.facebook.com\/?locale=fr_FR&_rdc=1&_rdr#","article_modified_time":"2025-08-25T02:56:58+00:00","twitter_card":"summary_large_image","schema":{"@context":"https:\/\/schema.org","@graph":[{"@type":"WebPage","@id":"https:\/\/finardi.bigdevacademy.com\/index.php\/produit\/dfghjklsdfghjklsdfghjkl\/","url":"https:\/\/finardi.bigdevacademy.com\/index.php\/produit\/dfghjklsdfghjklsdfghjkl\/","name":"Shampoing pour barbe - Divine &amp; Belle","isPartOf":{"@id":"https:\/\/finardi.bigdevacademy.com\/#website"},"primaryImageOfPage":{"@id":"https:\/\/finardi.bigdevacademy.com\/index.php\/produit\/dfghjklsdfghjklsdfghjkl\/#primaryimage"},"image":{"@id":"https:\/\/finardi.bigdevacademy.com\/index.php\/produit\/dfghjklsdfghjklsdfghjkl\/#primaryimage"},"thumbnailUrl":"https:\/\/finardi.bigdevacademy.com\/wp-content\/uploads\/2025\/08\/prod1.avif","datePublished":"2025-08-04T17:01:56+00:00","dateModified":"2025-08-25T02:56:58+00:00","breadcrumb":{"@id":"https:\/\/finardi.bigdevacademy.com\/index.php\/produit\/dfghjklsdfghjklsdfghjkl\/#breadcrumb"},"inLanguage":"fr-FR","potentialAction":[{"@type":"ReadAction","target":["https:\/\/finardi.bigdevacademy.com\/index.php\/produit\/dfghjklsdfghjklsdfghjkl\/"]}]},{"@type":"ImageObject","inLanguage":"fr-FR","@id":"https:\/\/finardi.bigdevacademy.com\/index.php\/produit\/dfghjklsdfghjklsdfghjkl\/#primaryimage","url":"https:\/\/finardi.bigdevacademy.com\/wp-content\/uploads\/2025\/08\/prod1.avif","contentUrl":"https:\/\/finardi.bigdevacademy.com\/wp-content\/uploads\/2025\/08\/prod1.avif","width":500,"height":750},{"@type":"BreadcrumbList","@id":"https:\/\/finardi.bigdevacademy.com\/index.php\/produit\/dfghjklsdfghjklsdfghjkl\/#breadcrumb","itemListElement":[{"@type":"ListItem","position":1,"name":"Accueil","item":"https:\/\/finardi.bigdevacademy.com\/"},{"@type":"ListItem","position":2,"name":"Boutique","item":"https:\/\/finardi.bigdevacademy.com\/index.php\/boutique\/"},{"@type":"ListItem","position":3,"name":"Shampoing pour barbe"}]},{"@type":"WebSite","@id":"https:\/\/finardi.bigdevacademy.com\/#website","url":"https:\/\/finardi.bigdevacademy.com\/","name":"Divine & Belle","description":"Votre beaut\u00e9 est notre priorit\u00e9","publisher":{"@id":"https:\/\/finardi.bigdevacademy.com\/#organization"},"potentialAction":[{"@type":"SearchAction","target":{"@type":"EntryPoint","urlTemplate":"https:\/\/finardi.bigdevacademy.com\/?s={search_term_string}"},"query-input":{"@type":"PropertyValueSpecification","valueRequired":true,"valueName":"search_term_string"}}],"inLanguage":"fr-FR"},{"@type":"Organization","@id":"https:\/\/finardi.bigdevacademy.com\/#organization","name":"Divine & Belle","url":"https:\/\/finardi.bigdevacademy.com\/","logo":{"@type":"ImageObject","inLanguage":"fr-FR","@id":"https:\/\/finardi.bigdevacademy.com\/#\/schema\/logo\/image\/","url":"https:\/\/finardi.bigdevacademy.com\/wp-content\/uploads\/2025\/08\/cropped-eyes-look-girl-hair-view-lashon-rise-1617966-pxhere-com-hero2.jpg","contentUrl":"https:\/\/finardi.bigdevacademy.com\/wp-content\/uploads\/2025\/08\/cropped-eyes-look-girl-hair-view-lashon-rise-1617966-pxhere-com-hero2.jpg","width":1919,"height":1254,"caption":"Divine & Belle"},"image":{"@id":"https:\/\/finardi.bigdevacademy.com\/#\/schema\/logo\/image\/"},"sameAs":["https:\/\/web.facebook.com\/?locale=fr_FR&_rdc=1&_rdr#"]}]}},"_links":{"self":[{"href":"https:\/\/finardi.bigdevacademy.com\/index.php\/wp-json\/wp\/v2\/product\/70","targetHints":{"allow":["GET"]}}],"collection":[{"href":"https:\/\/finardi.bigdevacademy.com\/index.php\/wp-json\/wp\/v2\/product"}],"about":[{"href":"https:\/\/finardi.bigdevacademy.com\/index.php\/wp-json\/wp\/v2\/types\/product"}],"replies":[{"embeddable":true,"href":"https:\/\/finardi.bigdevacademy.com\/index.php\/wp-json\/wp\/v2\/comments?post=70"}],"wp:featuredmedia":[{"embeddable":true,"href":"https:\/\/finardi.bigdevacademy.com\/index.php\/wp-json\/wp\/v2\/media\/155"}],"wp:attachment":[{"href":"https:\/\/finardi.bigdevacademy.com\/index.php\/wp-json\/wp\/v2\/media?parent=70"}],"wp:term":[{"taxonomy":"product_brand","embeddable":true,"href":"https:\/\/finardi.bigdevacademy.com\/index.php\/wp-json\/wp\/v2\/product_brand?post=70"},{"taxonomy":"product_cat","embeddable":true,"href":"https:\/\/finardi.bigdevacademy.com\/index.php\/wp-json\/wp\/v2\/product_cat?post=70"},{"taxonomy":"product_tag","embeddable":true,"href":"https:\/\/finardi.bigdevacademy.com\/index.php\/wp-json\/wp\/v2\/product_tag?post=70"}],"curies":[{"name":"wp","href":"https:\/\/api.w.org\/{rel}","templated":true}]}}