{"id":88,"date":"2025-08-05T08:53:08","date_gmt":"2025-08-05T06:53:08","guid":{"rendered":"https:\/\/finardi.bigdevacademy.com\/?page_id=88"},"modified":"2025-08-19T17:49:52","modified_gmt":"2025-08-19T15:49:52","slug":"services","status":"publish","type":"page","link":"https:\/\/finardi.bigdevacademy.com\/index.php\/services\/","title":{"rendered":"Services"},"content":{"rendered":"\t\t<div data-elementor-type=\"wp-page\" data-elementor-id=\"88\" class=\"elementor elementor-88\" data-elementor-post-type=\"page\">\n\t\t\t\t<div class=\"elementor-element elementor-element-ddd095d e-flex e-con-boxed e-con e-parent\" data-id=\"ddd095d\" data-element_type=\"container\">\n\t\t\t\t\t<div class=\"e-con-inner\">\n\t\t\t\t<div class=\"elementor-element elementor-element-e88dbd8 elementor-widget elementor-widget-heading\" data-id=\"e88dbd8\" data-element_type=\"widget\" data-settings=\"{&quot;htmega_fe&quot;:&quot;no&quot;}\" data-widget_type=\"heading.default\">\n\t\t\t\t\t<h3 class=\"elementor-heading-title elementor-size-default\">Nos Service, Votre style<\/h3>\t\t\t\t<\/div>\n\t\t\t\t<div class=\"elementor-element elementor-element-13b401ab elementor-widget elementor-widget-text-editor\" data-id=\"13b401ab\" data-element_type=\"widget\" data-settings=\"{&quot;htmega_fe&quot;:&quot;no&quot;}\" data-widget_type=\"text-editor.default\">\n\t\t\t\t\t\t\t\t\t<p>Des prestations sur mesure pour r\u00e9v\u00e9ler votre style, sublimer votre chevelure et affirmer votre personnalit\u00e9.<\/p><p><!-- \/wp:paragraph --><\/p><p><!-- wp:paragraph --><\/p><p><!-- \/wp:paragraph --><\/p>\t\t\t\t\t\t\t\t<\/div>\n\t\t\t\t\t<\/div>\n\t\t\t\t<\/div>\n\t\t<div class=\"elementor-element elementor-element-9c956e2 e-flex e-con-boxed e-con e-parent\" data-id=\"9c956e2\" data-element_type=\"container\">\n\t\t\t\t\t<div class=\"e-con-inner\">\n\t\t\t\t<div class=\"elementor-element elementor-element-498cc45 elementor-grid-3 elementor-grid-tablet-2 elementor-grid-mobile-1 elementor-widget elementor-widget-portfolio\" data-id=\"498cc45\" data-element_type=\"widget\" data-settings=\"{&quot;row_gap&quot;:{&quot;unit&quot;:&quot;px&quot;,&quot;size&quot;:46,&quot;sizes&quot;:[]},&quot;columns&quot;:&quot;3&quot;,&quot;columns_tablet&quot;:&quot;2&quot;,&quot;columns_mobile&quot;:&quot;1&quot;,&quot;item_ratio&quot;:{&quot;unit&quot;:&quot;px&quot;,&quot;size&quot;:0.66,&quot;sizes&quot;:[]},&quot;item_gap&quot;:{&quot;unit&quot;:&quot;px&quot;,&quot;size&quot;:&quot;&quot;,&quot;sizes&quot;:[]},&quot;htmega_fe&quot;:&quot;no&quot;}\" data-widget_type=\"portfolio.default\">\n\t\t\t\t<div class=\"elementor-widget-container\">\n\t\t\t\t\t\t\t<ul class=\"elementor-portfolio__filters\">\n\t\t\t<li class=\"elementor-portfolio__filter elementor-active\" tabindex=\"0\" data-filter=\"__all\">All<\/li>\n\t\t\t\t\t\t\t<li class=\"elementor-portfolio__filter\" tabindex=\"0\" data-filter=\"24\">femme<\/li>\n\t\t\t\t\t\t\t<li class=\"elementor-portfolio__filter\" tabindex=\"0\" data-filter=\"23\">homme<\/li>\n\t\t\t\t\t<\/ul>\n\t\t\t\t<div class=\"elementor-portfolio elementor-grid elementor-posts-container\">\n\t\t\t\t<article class=\"elementor-portfolio-item elementor-post elementor-filter-24 post-262 sln_service type-sln_service status-publish has-post-thumbnail hentry sln_service_category-femme\">\n\t\t\t<a class=\"elementor-post__thumbnail__link\" href=\"https:\/\/finardi.bigdevacademy.com\/index.php\/sln_service\/forfaits-mariage\/\">\n\t\t\t\t<div class=\"elementor-portfolio-item__img elementor-post__thumbnail\">\n\t\t\t<img fetchpriority=\"high\" decoding=\"async\" width=\"300\" height=\"200\" src=\"https:\/\/finardi.bigdevacademy.com\/wp-content\/uploads\/2025\/08\/service-femme-3-300x200.avif\" class=\"attachment-medium size-medium wp-image-217\" alt=\"\" srcset=\"https:\/\/finardi.bigdevacademy.com\/wp-content\/uploads\/2025\/08\/service-femme-3-300x200.avif 300w, https:\/\/finardi.bigdevacademy.com\/wp-content\/uploads\/2025\/08\/service-femme-3-370x247.avif 370w, https:\/\/finardi.bigdevacademy.com\/wp-content\/uploads\/2025\/08\/service-femme-3.avif 500w\" sizes=\"(max-width: 300px) 100vw, 300px\" \/>\t\t<\/div>\n\t\t\t\t<div class=\"elementor-portfolio-item__overlay\">\n\t\t\t\t<h3 class=\"elementor-portfolio-item__title\">\n\t\tForfaits mariage\t\t<\/h3>\n\t\t\t\t<\/div>\n\t\t\t\t<\/a>\n\t\t<\/article>\n\t\t\t\t<article class=\"elementor-portfolio-item elementor-post elementor-filter-24 post-260 sln_service type-sln_service status-publish has-post-thumbnail hentry sln_service_category-femme\">\n\t\t\t<a class=\"elementor-post__thumbnail__link\" href=\"https:\/\/finardi.bigdevacademy.com\/index.php\/sln_service\/coiffage-brushing-lisse-ou-wavy\/\">\n\t\t\t\t<div class=\"elementor-portfolio-item__img elementor-post__thumbnail\">\n\t\t\t<img decoding=\"async\" width=\"300\" height=\"200\" src=\"https:\/\/finardi.bigdevacademy.com\/wp-content\/uploads\/2025\/08\/service-femme-300x200.avif\" class=\"attachment-medium size-medium wp-image-219\" alt=\"\" srcset=\"https:\/\/finardi.bigdevacademy.com\/wp-content\/uploads\/2025\/08\/service-femme-300x200.avif 300w, https:\/\/finardi.bigdevacademy.com\/wp-content\/uploads\/2025\/08\/service-femme-370x247.avif 370w, https:\/\/finardi.bigdevacademy.com\/wp-content\/uploads\/2025\/08\/service-femme.avif 500w\" sizes=\"(max-width: 300px) 100vw, 300px\" \/>\t\t<\/div>\n\t\t\t\t<div class=\"elementor-portfolio-item__overlay\">\n\t\t\t\t<h3 class=\"elementor-portfolio-item__title\">\n\t\tCoiffage brushing lisse ou wavy\t\t<\/h3>\n\t\t\t\t<\/div>\n\t\t\t\t<\/a>\n\t\t<\/article>\n\t\t\t\t<article class=\"elementor-portfolio-item elementor-post elementor-filter-23 post-258 sln_service type-sln_service status-publish has-post-thumbnail hentry sln_service_category-homme\">\n\t\t\t<a class=\"elementor-post__thumbnail__link\" href=\"https:\/\/finardi.bigdevacademy.com\/index.php\/sln_service\/coupe-degradee\/\">\n\t\t\t\t<div class=\"elementor-portfolio-item__img elementor-post__thumbnail\">\n\t\t\t<img decoding=\"async\" width=\"300\" height=\"200\" src=\"https:\/\/finardi.bigdevacademy.com\/wp-content\/uploads\/2025\/08\/homme-300x200.avif\" class=\"attachment-medium size-medium wp-image-117\" alt=\"\" srcset=\"https:\/\/finardi.bigdevacademy.com\/wp-content\/uploads\/2025\/08\/homme-300x200.avif 300w, https:\/\/finardi.bigdevacademy.com\/wp-content\/uploads\/2025\/08\/homme.avif 500w\" sizes=\"(max-width: 300px) 100vw, 300px\" \/>\t\t<\/div>\n\t\t\t\t<div class=\"elementor-portfolio-item__overlay\">\n\t\t\t\t<h3 class=\"elementor-portfolio-item__title\">\n\t\tCoupe degrad\u00e9e\t\t<\/h3>\n\t\t\t\t<\/div>\n\t\t\t\t<\/a>\n\t\t<\/article>\n\t\t\t\t<article class=\"elementor-portfolio-item elementor-post elementor-filter-23 post-256 sln_service type-sln_service status-publish has-post-thumbnail hentry sln_service_category-homme\">\n\t\t\t<a class=\"elementor-post__thumbnail__link\" href=\"https:\/\/finardi.bigdevacademy.com\/index.php\/sln_service\/tresses-professionnelle\/\">\n\t\t\t\t<div class=\"elementor-portfolio-item__img elementor-post__thumbnail\">\n\t\t\t<img loading=\"lazy\" decoding=\"async\" width=\"300\" height=\"300\" src=\"https:\/\/finardi.bigdevacademy.com\/wp-content\/uploads\/2025\/08\/cropped-homme1-300x300.avif\" class=\"attachment-medium size-medium wp-image-423\" alt=\"\" srcset=\"https:\/\/finardi.bigdevacademy.com\/wp-content\/uploads\/2025\/08\/cropped-homme1-300x300.avif 300w, https:\/\/finardi.bigdevacademy.com\/wp-content\/uploads\/2025\/08\/cropped-homme1-150x150.avif 150w, https:\/\/finardi.bigdevacademy.com\/wp-content\/uploads\/2025\/08\/cropped-homme1-100x100.avif 100w, https:\/\/finardi.bigdevacademy.com\/wp-content\/uploads\/2025\/08\/cropped-homme1.avif 499w\" sizes=\"(max-width: 300px) 100vw, 300px\" \/>\t\t<\/div>\n\t\t\t\t<div class=\"elementor-portfolio-item__overlay\">\n\t\t\t\t<h3 class=\"elementor-portfolio-item__title\">\n\t\tTresses professionnelle\t\t<\/h3>\n\t\t\t\t<\/div>\n\t\t\t\t<\/a>\n\t\t<\/article>\n\t\t\t\t<\/div>\n\t\t\t\t\t\t<\/div>\n\t\t\t\t<\/div>\n\t\t\t\t\t<\/div>\n\t\t\t\t<\/div>\n\t\t\t\t<\/div>\n\t\t","protected":false},"excerpt":{"rendered":"<p>Nos Service, Votre style Des prestations sur mesure pour r\u00e9v\u00e9ler votre style, sublimer [&hellip;]<\/p>\n","protected":false},"author":1,"featured_media":0,"parent":0,"menu_order":0,"comment_status":"open","ping_status":"closed","template":"","meta":{"footnotes":""},"class_list":["post-88","page","type-page","status-publish","hentry"],"yoast_head":"<!-- This site is optimized with the Yoast SEO plugin v25.8 - https:\/\/yoast.com\/wordpress\/plugins\/seo\/ -->\n<title>Services - Divine &amp; Belle<\/title>\n<meta name=\"robots\" content=\"noindex, follow, max-snippet:-1, max-image-preview:large, max-video-preview:-1\" \/>\n<meta property=\"og:locale\" content=\"fr_FR\" \/>\n<meta property=\"og:type\" content=\"article\" \/>\n<meta property=\"og:title\" content=\"Services - Divine &amp; Belle\" \/>\n<meta property=\"og:description\" content=\"Nos Service, Votre style Des prestations sur mesure pour r\u00e9v\u00e9ler votre style, sublimer [&hellip;]\" \/>\n<meta property=\"og:url\" content=\"https:\/\/finardi.bigdevacademy.com\/index.php\/services\/\" \/>\n<meta property=\"og:site_name\" content=\"Divine &amp; Belle\" \/>\n<meta property=\"article:publisher\" content=\"https:\/\/web.facebook.com\/?locale=fr_FR&amp;_rdc=1&amp;_rdr#\" \/>\n<meta property=\"article:modified_time\" content=\"2025-08-19T15:49:52+00:00\" \/>\n<meta name=\"twitter:card\" content=\"summary_large_image\" \/>\n<script type=\"application\/ld+json\" class=\"yoast-schema-graph\">{\"@context\":\"https:\/\/schema.org\",\"@graph\":[{\"@type\":\"WebPage\",\"@id\":\"https:\/\/finardi.bigdevacademy.com\/index.php\/services\/\",\"url\":\"https:\/\/finardi.bigdevacademy.com\/index.php\/services\/\",\"name\":\"Services - Divine &amp; Belle\",\"isPartOf\":{\"@id\":\"https:\/\/finardi.bigdevacademy.com\/#website\"},\"datePublished\":\"2025-08-05T06:53:08+00:00\",\"dateModified\":\"2025-08-19T15:49:52+00:00\",\"breadcrumb\":{\"@id\":\"https:\/\/finardi.bigdevacademy.com\/index.php\/services\/#breadcrumb\"},\"inLanguage\":\"fr-FR\",\"potentialAction\":[{\"@type\":\"ReadAction\",\"target\":[\"https:\/\/finardi.bigdevacademy.com\/index.php\/services\/\"]}]},{\"@type\":\"BreadcrumbList\",\"@id\":\"https:\/\/finardi.bigdevacademy.com\/index.php\/services\/#breadcrumb\",\"itemListElement\":[{\"@type\":\"ListItem\",\"position\":1,\"name\":\"Accueil\",\"item\":\"https:\/\/finardi.bigdevacademy.com\/\"},{\"@type\":\"ListItem\",\"position\":2,\"name\":\"Services\"}]},{\"@type\":\"WebSite\",\"@id\":\"https:\/\/finardi.bigdevacademy.com\/#website\",\"url\":\"https:\/\/finardi.bigdevacademy.com\/\",\"name\":\"Divine & Belle\",\"description\":\"Votre beaut\u00e9 est notre priorit\u00e9\",\"publisher\":{\"@id\":\"https:\/\/finardi.bigdevacademy.com\/#organization\"},\"potentialAction\":[{\"@type\":\"SearchAction\",\"target\":{\"@type\":\"EntryPoint\",\"urlTemplate\":\"https:\/\/finardi.bigdevacademy.com\/?s={search_term_string}\"},\"query-input\":{\"@type\":\"PropertyValueSpecification\",\"valueRequired\":true,\"valueName\":\"search_term_string\"}}],\"inLanguage\":\"fr-FR\"},{\"@type\":\"Organization\",\"@id\":\"https:\/\/finardi.bigdevacademy.com\/#organization\",\"name\":\"Divine & Belle\",\"url\":\"https:\/\/finardi.bigdevacademy.com\/\",\"logo\":{\"@type\":\"ImageObject\",\"inLanguage\":\"fr-FR\",\"@id\":\"https:\/\/finardi.bigdevacademy.com\/#\/schema\/logo\/image\/\",\"url\":\"https:\/\/finardi.bigdevacademy.com\/wp-content\/uploads\/2025\/08\/cropped-eyes-look-girl-hair-view-lashon-rise-1617966-pxhere-com-hero2.jpg\",\"contentUrl\":\"https:\/\/finardi.bigdevacademy.com\/wp-content\/uploads\/2025\/08\/cropped-eyes-look-girl-hair-view-lashon-rise-1617966-pxhere-com-hero2.jpg\",\"width\":1919,\"height\":1254,\"caption\":\"Divine & Belle\"},\"image\":{\"@id\":\"https:\/\/finardi.bigdevacademy.com\/#\/schema\/logo\/image\/\"},\"sameAs\":[\"https:\/\/web.facebook.com\/?locale=fr_FR&_rdc=1&_rdr#\"]}]}<\/script>\n<!-- \/ Yoast SEO plugin. -->","yoast_head_json":{"title":"Services - Divine &amp; Belle","robots":{"index":"noindex","follow":"follow","max-snippet":"max-snippet:-1","max-image-preview":"max-image-preview:large","max-video-preview":"max-video-preview:-1"},"og_locale":"fr_FR","og_type":"article","og_title":"Services - Divine &amp; Belle","og_description":"Nos Service, Votre style Des prestations sur mesure pour r\u00e9v\u00e9ler votre style, sublimer [&hellip;]","og_url":"https:\/\/finardi.bigdevacademy.com\/index.php\/services\/","og_site_name":"Divine &amp; Belle","article_publisher":"https:\/\/web.facebook.com\/?locale=fr_FR&_rdc=1&_rdr#","article_modified_time":"2025-08-19T15:49:52+00:00","twitter_card":"summary_large_image","schema":{"@context":"https:\/\/schema.org","@graph":[{"@type":"WebPage","@id":"https:\/\/finardi.bigdevacademy.com\/index.php\/services\/","url":"https:\/\/finardi.bigdevacademy.com\/index.php\/services\/","name":"Services - Divine &amp; Belle","isPartOf":{"@id":"https:\/\/finardi.bigdevacademy.com\/#website"},"datePublished":"2025-08-05T06:53:08+00:00","dateModified":"2025-08-19T15:49:52+00:00","breadcrumb":{"@id":"https:\/\/finardi.bigdevacademy.com\/index.php\/services\/#breadcrumb"},"inLanguage":"fr-FR","potentialAction":[{"@type":"ReadAction","target":["https:\/\/finardi.bigdevacademy.com\/index.php\/services\/"]}]},{"@type":"BreadcrumbList","@id":"https:\/\/finardi.bigdevacademy.com\/index.php\/services\/#breadcrumb","itemListElement":[{"@type":"ListItem","position":1,"name":"Accueil","item":"https:\/\/finardi.bigdevacademy.com\/"},{"@type":"ListItem","position":2,"name":"Services"}]},{"@type":"WebSite","@id":"https:\/\/finardi.bigdevacademy.com\/#website","url":"https:\/\/finardi.bigdevacademy.com\/","name":"Divine & Belle","description":"Votre beaut\u00e9 est notre priorit\u00e9","publisher":{"@id":"https:\/\/finardi.bigdevacademy.com\/#organization"},"potentialAction":[{"@type":"SearchAction","target":{"@type":"EntryPoint","urlTemplate":"https:\/\/finardi.bigdevacademy.com\/?s={search_term_string}"},"query-input":{"@type":"PropertyValueSpecification","valueRequired":true,"valueName":"search_term_string"}}],"inLanguage":"fr-FR"},{"@type":"Organization","@id":"https:\/\/finardi.bigdevacademy.com\/#organization","name":"Divine & Belle","url":"https:\/\/finardi.bigdevacademy.com\/","logo":{"@type":"ImageObject","inLanguage":"fr-FR","@id":"https:\/\/finardi.bigdevacademy.com\/#\/schema\/logo\/image\/","url":"https:\/\/finardi.bigdevacademy.com\/wp-content\/uploads\/2025\/08\/cropped-eyes-look-girl-hair-view-lashon-rise-1617966-pxhere-com-hero2.jpg","contentUrl":"https:\/\/finardi.bigdevacademy.com\/wp-content\/uploads\/2025\/08\/cropped-eyes-look-girl-hair-view-lashon-rise-1617966-pxhere-com-hero2.jpg","width":1919,"height":1254,"caption":"Divine & Belle"},"image":{"@id":"https:\/\/finardi.bigdevacademy.com\/#\/schema\/logo\/image\/"},"sameAs":["https:\/\/web.facebook.com\/?locale=fr_FR&_rdc=1&_rdr#"]}]}},"_links":{"self":[{"href":"https:\/\/finardi.bigdevacademy.com\/index.php\/wp-json\/wp\/v2\/pages\/88","targetHints":{"allow":["GET"]}}],"collection":[{"href":"https:\/\/finardi.bigdevacademy.com\/index.php\/wp-json\/wp\/v2\/pages"}],"about":[{"href":"https:\/\/finardi.bigdevacademy.com\/index.php\/wp-json\/wp\/v2\/types\/page"}],"author":[{"embeddable":true,"href":"https:\/\/finardi.bigdevacademy.com\/index.php\/wp-json\/wp\/v2\/users\/1"}],"replies":[{"embeddable":true,"href":"https:\/\/finardi.bigdevacademy.com\/index.php\/wp-json\/wp\/v2\/comments?post=88"}],"version-history":[{"count":39,"href":"https:\/\/finardi.bigdevacademy.com\/index.php\/wp-json\/wp\/v2\/pages\/88\/revisions"}],"predecessor-version":[{"id":467,"href":"https:\/\/finardi.bigdevacademy.com\/index.php\/wp-json\/wp\/v2\/pages\/88\/revisions\/467"}],"wp:attachment":[{"href":"https:\/\/finardi.bigdevacademy.com\/index.php\/wp-json\/wp\/v2\/media?parent=88"}],"curies":[{"name":"wp","href":"https:\/\/api.w.org\/{rel}","templated":true}]}}