{"id":579,"date":"2025-08-23T19:19:17","date_gmt":"2025-08-23T17:19:17","guid":{"rendered":"https:\/\/finardi.bigdevacademy.com\/?page_id=579"},"modified":"2025-08-23T19:19:17","modified_gmt":"2025-08-23T17:19:17","slug":"politiques-de-confidentialites","status":"publish","type":"page","link":"https:\/\/finardi.bigdevacademy.com\/index.php\/politiques-de-confidentialites\/","title":{"rendered":"Politiques de confidentialit\u00e9s"},"content":{"rendered":"\n<h2 class=\"wp-block-heading\">1. Introduction<\/h2>\n\n\n\n<p>La protection de vos donn\u00e9es personnelles est une priorit\u00e9 pour [Nom du Salon]. La pr\u00e9sente politique de confidentialit\u00e9 a pour objectif de vous informer sur la mani\u00e8re dont nous collectons, utilisons, prot\u00e9geons et partageons vos informations lorsque vous utilisez notre site internet [URL du site].<\/p>\n\n\n\n<h2 class=\"wp-block-heading\">2. Donn\u00e9es collect\u00e9es<\/h2>\n\n\n\n<p>Dans le cadre de nos activit\u00e9s, nous pouvons \u00eatre amen\u00e9s \u00e0 collecter les informations suivantes :<\/p>\n\n\n\n<ul class=\"wp-block-list\">\n<li>Informations fournies lors de la prise de rendez-vous ou via le formulaire de contact : nom, pr\u00e9nom, num\u00e9ro de t\u00e9l\u00e9phone, adresse e-mail, date et heure du rendez-vous, service choisi, message libre.<\/li>\n\n\n\n<li>Informations collect\u00e9es si vous vous inscrivez \u00e0 notre newsletter : adresse e-mail.<\/li>\n\n\n\n<li>Informations techniques lors de votre navigation sur le site : adresse IP, type de navigateur, pages consult\u00e9es, donn\u00e9es issues des cookies.<\/li>\n<\/ul>\n\n\n\n<h2 class=\"wp-block-heading\">3. Utilisation des donn\u00e9es<\/h2>\n\n\n\n<p>Les donn\u00e9es collect\u00e9es sont utilis\u00e9es pour :<\/p>\n\n\n\n<ul class=\"wp-block-list\">\n<li>R\u00e9pondre \u00e0 vos demandes de contact ou de rendez-vous.<\/li>\n\n\n\n<li>G\u00e9rer et confirmer vos r\u00e9servations.<\/li>\n\n\n\n<li>Vous envoyer, si vous y avez consenti, des informations commerciales, offres promotionnelles ou actualit\u00e9s concernant le salon.<\/li>\n\n\n\n<li>Am\u00e9liorer la qualit\u00e9 de nos services et l\u2019exp\u00e9rience de navigation sur notre site internet.<\/li>\n<\/ul>\n\n\n\n<h2 class=\"wp-block-heading\">4. Partage des donn\u00e9es<\/h2>\n\n\n\n<p>Vos donn\u00e9es personnelles ne sont jamais vendues ni lou\u00e9es \u00e0 des tiers. Elles peuvent cependant \u00eatre partag\u00e9es uniquement dans les cas suivants :<\/p>\n\n\n\n<ul class=\"wp-block-list\">\n<li>Avec nos prestataires techniques (h\u00e9bergeur, outil de prise de rendez-vous, prestataire de paiement si applicable).<\/li>\n\n\n\n<li>Si la loi l\u2019exige, avec les autorit\u00e9s comp\u00e9tentes.<\/li>\n<\/ul>\n\n\n\n<h2 class=\"wp-block-heading\">5. Conservation des donn\u00e9es<\/h2>\n\n\n\n<p>Vos donn\u00e9es personnelles sont conserv\u00e9es pour une dur\u00e9e maximale de trois (3) ans apr\u00e8s votre derni\u00e8re interaction avec nous. Les cookies utilis\u00e9s sur ce site sont conserv\u00e9s pour une dur\u00e9e maximale de treize (13) mois, sauf suppression manuelle par l\u2019utilisateur.<\/p>\n\n\n\n<h2 class=\"wp-block-heading\">6. S\u00e9curit\u00e9 des donn\u00e9es<\/h2>\n\n\n\n<p>Nous mettons en \u0153uvre toutes les mesures techniques et organisationnelles n\u00e9cessaires afin de prot\u00e9ger vos donn\u00e9es contre tout acc\u00e8s non autoris\u00e9, perte, modification ou divulgation. L\u2019acc\u00e8s \u00e0 vos informations est strictement limit\u00e9 aux personnes habilit\u00e9es.<\/p>\n\n\n\n<h2 class=\"wp-block-heading\">7. Vos droits<\/h2>\n\n\n\n<p>Conform\u00e9ment \u00e0 la l\u00e9gislation en vigueur, vous disposez des droits suivants concernant vos donn\u00e9es personnelles :<\/p>\n\n\n\n<ul class=\"wp-block-list\">\n<li>Droit d\u2019acc\u00e8s : vous pouvez demander \u00e0 savoir quelles donn\u00e9es nous d\u00e9tenons sur vous.<\/li>\n\n\n\n<li>Droit de rectification : vous pouvez demander la correction de donn\u00e9es inexactes ou incompl\u00e8tes.<\/li>\n\n\n\n<li>Droit \u00e0 l\u2019effacement : vous pouvez demander la suppression de vos donn\u00e9es.<\/li>\n\n\n\n<li>Droit d\u2019opposition : vous pouvez vous opposer \u00e0 l\u2019utilisation de vos donn\u00e9es \u00e0 des fins de prospection.<\/li>\n\n\n\n<li>Droit \u00e0 la portabilit\u00e9 : vous pouvez demander la transmission de vos donn\u00e9es dans un format structur\u00e9.<\/li>\n<\/ul>\n\n\n\n<p>Pour exercer vos droits, vous pouvez nous contacter \u00e0 l\u2019adresse suivante : [adresse e-mail de contact].<\/p>\n\n\n\n<h2 class=\"wp-block-heading\">8. Cookies<\/h2>\n\n\n\n<p>Notre site utilise des cookies afin d\u2019am\u00e9liorer votre exp\u00e9rience de navigation et de r\u00e9aliser des statistiques anonymes de visites. Lors de votre premi\u00e8re visite, un bandeau d\u2019information vous permet d\u2019accepter ou de refuser l\u2019utilisation des cookies. Vous pouvez \u00e9galement configurer votre navigateur afin de bloquer certains cookies.<\/p>\n\n\n\n<h2 class=\"wp-block-heading\">9. Modification de la politique<\/h2>\n\n\n\n<p>Nous nous r\u00e9servons le droit de modifier la pr\u00e9sente politique de confidentialit\u00e9 \u00e0 tout moment, afin de l\u2019adapter aux \u00e9volutions l\u00e9gales ou techniques. La date de la derni\u00e8re mise \u00e0 jour est indiqu\u00e9e ci-dessous.<\/p>\n\n\n\n<p>Date de derni\u00e8re mise \u00e0 jour : [Date].<\/p>\n\n\n\n<h2 class=\"wp-block-heading\">10. Coordonn\u00e9es<\/h2>\n\n\n\n<p>Pour toute question relative \u00e0 cette politique de confidentialit\u00e9 ou \u00e0 l\u2019exercice de vos droits, vous pouvez nous contacter :<br>[Nom du Salon]<br>[Adresse postale]<br>[T\u00e9l\u00e9phone]<br>[E-mail de contact]<\/p>\n","protected":false},"excerpt":{"rendered":"<p>1. Introduction La protection de vos donn\u00e9es personnelles est une priorit\u00e9 pour [Nom [&hellip;]<\/p>\n","protected":false},"author":1,"featured_media":0,"parent":0,"menu_order":0,"comment_status":"closed","ping_status":"closed","template":"","meta":{"footnotes":""},"class_list":["post-579","page","type-page","status-publish","hentry"],"yoast_head":"<!-- This site is optimized with the Yoast SEO plugin v25.8 - https:\/\/yoast.com\/wordpress\/plugins\/seo\/ -->\n<title>Politiques de confidentialit\u00e9s - Divine &amp; Belle<\/title>\n<meta name=\"robots\" content=\"noindex, follow, max-snippet:-1, max-image-preview:large, max-video-preview:-1\" \/>\n<meta property=\"og:locale\" content=\"fr_FR\" \/>\n<meta property=\"og:type\" content=\"article\" \/>\n<meta property=\"og:title\" content=\"Politiques de confidentialit\u00e9s - Divine &amp; Belle\" \/>\n<meta property=\"og:description\" content=\"1. Introduction La protection de vos donn\u00e9es personnelles est une priorit\u00e9 pour [Nom [&hellip;]\" \/>\n<meta property=\"og:url\" content=\"https:\/\/finardi.bigdevacademy.com\/index.php\/politiques-de-confidentialites\/\" \/>\n<meta property=\"og:site_name\" content=\"Divine &amp; Belle\" \/>\n<meta property=\"article:publisher\" content=\"https:\/\/web.facebook.com\/?locale=fr_FR&amp;_rdc=1&amp;_rdr#\" \/>\n<meta name=\"twitter:card\" content=\"summary_large_image\" \/>\n<meta name=\"twitter:label1\" content=\"Dur\u00e9e de lecture estim\u00e9e\" \/>\n\t<meta name=\"twitter:data1\" content=\"3 minutes\" \/>\n<script type=\"application\/ld+json\" class=\"yoast-schema-graph\">{\"@context\":\"https:\/\/schema.org\",\"@graph\":[{\"@type\":\"WebPage\",\"@id\":\"https:\/\/finardi.bigdevacademy.com\/index.php\/politiques-de-confidentialites\/\",\"url\":\"https:\/\/finardi.bigdevacademy.com\/index.php\/politiques-de-confidentialites\/\",\"name\":\"Politiques de confidentialit\u00e9s - Divine &amp; Belle\",\"isPartOf\":{\"@id\":\"https:\/\/finardi.bigdevacademy.com\/#website\"},\"datePublished\":\"2025-08-23T17:19:17+00:00\",\"breadcrumb\":{\"@id\":\"https:\/\/finardi.bigdevacademy.com\/index.php\/politiques-de-confidentialites\/#breadcrumb\"},\"inLanguage\":\"fr-FR\",\"potentialAction\":[{\"@type\":\"ReadAction\",\"target\":[\"https:\/\/finardi.bigdevacademy.com\/index.php\/politiques-de-confidentialites\/\"]}]},{\"@type\":\"BreadcrumbList\",\"@id\":\"https:\/\/finardi.bigdevacademy.com\/index.php\/politiques-de-confidentialites\/#breadcrumb\",\"itemListElement\":[{\"@type\":\"ListItem\",\"position\":1,\"name\":\"Accueil\",\"item\":\"https:\/\/finardi.bigdevacademy.com\/\"},{\"@type\":\"ListItem\",\"position\":2,\"name\":\"Politiques de confidentialit\u00e9s\"}]},{\"@type\":\"WebSite\",\"@id\":\"https:\/\/finardi.bigdevacademy.com\/#website\",\"url\":\"https:\/\/finardi.bigdevacademy.com\/\",\"name\":\"Divine & Belle\",\"description\":\"Votre beaut\u00e9 est notre priorit\u00e9\",\"publisher\":{\"@id\":\"https:\/\/finardi.bigdevacademy.com\/#organization\"},\"potentialAction\":[{\"@type\":\"SearchAction\",\"target\":{\"@type\":\"EntryPoint\",\"urlTemplate\":\"https:\/\/finardi.bigdevacademy.com\/?s={search_term_string}\"},\"query-input\":{\"@type\":\"PropertyValueSpecification\",\"valueRequired\":true,\"valueName\":\"search_term_string\"}}],\"inLanguage\":\"fr-FR\"},{\"@type\":\"Organization\",\"@id\":\"https:\/\/finardi.bigdevacademy.com\/#organization\",\"name\":\"Divine & Belle\",\"url\":\"https:\/\/finardi.bigdevacademy.com\/\",\"logo\":{\"@type\":\"ImageObject\",\"inLanguage\":\"fr-FR\",\"@id\":\"https:\/\/finardi.bigdevacademy.com\/#\/schema\/logo\/image\/\",\"url\":\"https:\/\/finardi.bigdevacademy.com\/wp-content\/uploads\/2025\/08\/cropped-eyes-look-girl-hair-view-lashon-rise-1617966-pxhere-com-hero2.jpg\",\"contentUrl\":\"https:\/\/finardi.bigdevacademy.com\/wp-content\/uploads\/2025\/08\/cropped-eyes-look-girl-hair-view-lashon-rise-1617966-pxhere-com-hero2.jpg\",\"width\":1919,\"height\":1254,\"caption\":\"Divine & Belle\"},\"image\":{\"@id\":\"https:\/\/finardi.bigdevacademy.com\/#\/schema\/logo\/image\/\"},\"sameAs\":[\"https:\/\/web.facebook.com\/?locale=fr_FR&_rdc=1&_rdr#\"]}]}<\/script>\n<!-- \/ Yoast SEO plugin. -->","yoast_head_json":{"title":"Politiques de confidentialit\u00e9s - Divine &amp; Belle","robots":{"index":"noindex","follow":"follow","max-snippet":"max-snippet:-1","max-image-preview":"max-image-preview:large","max-video-preview":"max-video-preview:-1"},"og_locale":"fr_FR","og_type":"article","og_title":"Politiques de confidentialit\u00e9s - Divine &amp; Belle","og_description":"1. Introduction La protection de vos donn\u00e9es personnelles est une priorit\u00e9 pour [Nom [&hellip;]","og_url":"https:\/\/finardi.bigdevacademy.com\/index.php\/politiques-de-confidentialites\/","og_site_name":"Divine &amp; Belle","article_publisher":"https:\/\/web.facebook.com\/?locale=fr_FR&_rdc=1&_rdr#","twitter_card":"summary_large_image","twitter_misc":{"Dur\u00e9e de lecture estim\u00e9e":"3 minutes"},"schema":{"@context":"https:\/\/schema.org","@graph":[{"@type":"WebPage","@id":"https:\/\/finardi.bigdevacademy.com\/index.php\/politiques-de-confidentialites\/","url":"https:\/\/finardi.bigdevacademy.com\/index.php\/politiques-de-confidentialites\/","name":"Politiques de confidentialit\u00e9s - Divine &amp; Belle","isPartOf":{"@id":"https:\/\/finardi.bigdevacademy.com\/#website"},"datePublished":"2025-08-23T17:19:17+00:00","breadcrumb":{"@id":"https:\/\/finardi.bigdevacademy.com\/index.php\/politiques-de-confidentialites\/#breadcrumb"},"inLanguage":"fr-FR","potentialAction":[{"@type":"ReadAction","target":["https:\/\/finardi.bigdevacademy.com\/index.php\/politiques-de-confidentialites\/"]}]},{"@type":"BreadcrumbList","@id":"https:\/\/finardi.bigdevacademy.com\/index.php\/politiques-de-confidentialites\/#breadcrumb","itemListElement":[{"@type":"ListItem","position":1,"name":"Accueil","item":"https:\/\/finardi.bigdevacademy.com\/"},{"@type":"ListItem","position":2,"name":"Politiques de confidentialit\u00e9s"}]},{"@type":"WebSite","@id":"https:\/\/finardi.bigdevacademy.com\/#website","url":"https:\/\/finardi.bigdevacademy.com\/","name":"Divine & Belle","description":"Votre beaut\u00e9 est notre priorit\u00e9","publisher":{"@id":"https:\/\/finardi.bigdevacademy.com\/#organization"},"potentialAction":[{"@type":"SearchAction","target":{"@type":"EntryPoint","urlTemplate":"https:\/\/finardi.bigdevacademy.com\/?s={search_term_string}"},"query-input":{"@type":"PropertyValueSpecification","valueRequired":true,"valueName":"search_term_string"}}],"inLanguage":"fr-FR"},{"@type":"Organization","@id":"https:\/\/finardi.bigdevacademy.com\/#organization","name":"Divine & Belle","url":"https:\/\/finardi.bigdevacademy.com\/","logo":{"@type":"ImageObject","inLanguage":"fr-FR","@id":"https:\/\/finardi.bigdevacademy.com\/#\/schema\/logo\/image\/","url":"https:\/\/finardi.bigdevacademy.com\/wp-content\/uploads\/2025\/08\/cropped-eyes-look-girl-hair-view-lashon-rise-1617966-pxhere-com-hero2.jpg","contentUrl":"https:\/\/finardi.bigdevacademy.com\/wp-content\/uploads\/2025\/08\/cropped-eyes-look-girl-hair-view-lashon-rise-1617966-pxhere-com-hero2.jpg","width":1919,"height":1254,"caption":"Divine & Belle"},"image":{"@id":"https:\/\/finardi.bigdevacademy.com\/#\/schema\/logo\/image\/"},"sameAs":["https:\/\/web.facebook.com\/?locale=fr_FR&_rdc=1&_rdr#"]}]}},"_links":{"self":[{"href":"https:\/\/finardi.bigdevacademy.com\/index.php\/wp-json\/wp\/v2\/pages\/579","targetHints":{"allow":["GET"]}}],"collection":[{"href":"https:\/\/finardi.bigdevacademy.com\/index.php\/wp-json\/wp\/v2\/pages"}],"about":[{"href":"https:\/\/finardi.bigdevacademy.com\/index.php\/wp-json\/wp\/v2\/types\/page"}],"author":[{"embeddable":true,"href":"https:\/\/finardi.bigdevacademy.com\/index.php\/wp-json\/wp\/v2\/users\/1"}],"replies":[{"embeddable":true,"href":"https:\/\/finardi.bigdevacademy.com\/index.php\/wp-json\/wp\/v2\/comments?post=579"}],"version-history":[{"count":1,"href":"https:\/\/finardi.bigdevacademy.com\/index.php\/wp-json\/wp\/v2\/pages\/579\/revisions"}],"predecessor-version":[{"id":580,"href":"https:\/\/finardi.bigdevacademy.com\/index.php\/wp-json\/wp\/v2\/pages\/579\/revisions\/580"}],"wp:attachment":[{"href":"https:\/\/finardi.bigdevacademy.com\/index.php\/wp-json\/wp\/v2\/media?parent=579"}],"curies":[{"name":"wp","href":"https:\/\/api.w.org\/{rel}","templated":true}]}}